{"id":1737,"date":"2023-07-18T08:18:19","date_gmt":"2023-07-18T08:18:19","guid":{"rendered":"https:\/\/mudanza.mkd.digital\/politica-de-cookies\/"},"modified":"2023-10-02T11:12:33","modified_gmt":"2023-10-02T11:12:33","slug":"politica-de-cookies","status":"publish","type":"page","link":"https:\/\/mudanza.eu\/ca\/politica-de-cookies\/","title":{"rendered":"Pol\u00edtica de Cookies"},"content":{"rendered":"\t\t<div data-elementor-type=\"wp-page\" data-elementor-id=\"1737\" class=\"elementor elementor-1737 elementor-189\" data-elementor-post-type=\"page\">\n\t\t\t\t\t\t\t\t\t<section class=\"elementor-section elementor-top-section elementor-element elementor-element-810655f elementor-section-height-min-height elementor-section-boxed elementor-section-height-default elementor-section-items-middle\" data-id=\"810655f\" data-element_type=\"section\" data-settings=\"{&quot;background_background&quot;:&quot;classic&quot;}\">\n\t\t\t\t\t\t\t<div class=\"elementor-background-overlay\"><\/div>\n\t\t\t\t\t\t\t<div class=\"elementor-container elementor-column-gap-default\">\n\t\t\t\t\t<div class=\"elementor-column elementor-col-100 elementor-top-column elementor-element elementor-element-c88080d\" data-id=\"c88080d\" data-element_type=\"column\">\n\t\t\t<div class=\"elementor-widget-wrap\">\n\t\t\t\t\t\t\t\t\t<\/div>\n\t\t<\/div>\n\t\t\t\t\t\t\t<\/div>\n\t\t<\/section>\n\t\t\t\t<section class=\"elementor-section elementor-top-section elementor-element elementor-element-06f201d elementor-section-boxed elementor-section-height-default elementor-section-height-default\" data-id=\"06f201d\" data-element_type=\"section\">\n\t\t\t\t\t\t<div class=\"elementor-container elementor-column-gap-default\">\n\t\t\t\t\t<div class=\"elementor-column elementor-col-100 elementor-top-column elementor-element elementor-element-62814ab\" data-id=\"62814ab\" data-element_type=\"column\">\n\t\t\t<div class=\"elementor-widget-wrap elementor-element-populated\">\n\t\t\t\t\t\t\t\t<div class=\"elementor-element elementor-element-b9f4a9b elementor-widget elementor-widget-heading\" data-id=\"b9f4a9b\" data-element_type=\"widget\" data-widget_type=\"heading.default\">\n\t\t\t\t<div class=\"elementor-widget-container\">\n\t\t\t<style>\/*! elementor - v3.17.0 - 25-10-2023 *\/\n.elementor-heading-title{padding:0;margin:0;line-height:1}.elementor-widget-heading .elementor-heading-title[class*=elementor-size-]>a{color:inherit;font-size:inherit;line-height:inherit}.elementor-widget-heading .elementor-heading-title.elementor-size-small{font-size:15px}.elementor-widget-heading .elementor-heading-title.elementor-size-medium{font-size:19px}.elementor-widget-heading .elementor-heading-title.elementor-size-large{font-size:29px}.elementor-widget-heading .elementor-heading-title.elementor-size-xl{font-size:39px}.elementor-widget-heading .elementor-heading-title.elementor-size-xxl{font-size:59px}<\/style><h1 class=\"elementor-heading-title elementor-size-default\">Pol\u00edtica de Cookies<\/h1>\t\t<\/div>\n\t\t\t\t<\/div>\n\t\t\t\t<div class=\"elementor-element elementor-element-4f60a92 elementor-widget elementor-widget-text-editor\" data-id=\"4f60a92\" data-element_type=\"widget\" data-widget_type=\"text-editor.default\">\n\t\t\t\t<div class=\"elementor-widget-container\">\n\t\t\t<style>\/*! elementor - v3.17.0 - 25-10-2023 *\/\n.elementor-widget-text-editor.elementor-drop-cap-view-stacked .elementor-drop-cap{background-color:#69727d;color:#fff}.elementor-widget-text-editor.elementor-drop-cap-view-framed .elementor-drop-cap{color:#69727d;border:3px solid;background-color:transparent}.elementor-widget-text-editor:not(.elementor-drop-cap-view-default) .elementor-drop-cap{margin-top:8px}.elementor-widget-text-editor:not(.elementor-drop-cap-view-default) .elementor-drop-cap-letter{width:1em;height:1em}.elementor-widget-text-editor .elementor-drop-cap{float:left;text-align:center;line-height:1;font-size:50px}.elementor-widget-text-editor .elementor-drop-cap-letter{display:inline-block}<\/style>\t\t\t\t<p><b>Transcity Mudanzas S.L.<\/b>\u00a0(d&#8217;ara endavant, Mudanza) pot utilitzar cookies quan un usuari navega pel mateix. Les galetes s\u00f3n fitxers enviats a un navegador per mitj\u00e0 d&#8217;un servidor web per registrar les activitats de l&#8217;usuari al lloc web. Les galetes utilitzades a Bram s&#8217;associen nom\u00e9s amb un usuari an\u00f2nim i el seu pc, i no proporcionen per si mateix el nom i cognoms de l&#8217;usuari.<\/p>\n<p>L&#8217;Usuari t\u00e9 la possibilitat de configurar el vostre navegador per ser advertit en pantalla de la recepci\u00f3 de cookies i per impedir la seva instal\u00b7laci\u00f3 al disc dur. Per utilitzar Mudanza\u00a0no cal que l&#8217;usuari permeti la instal\u00b7laci\u00f3 de les cookies.<\/p>\n<p>Tots els navegadors permeten fer modificacions per desactivar la configuraci\u00f3 de les galetes. Aquest \u00e9s el motiu pel qual la majoria de navegadors ofereixen la possibilitat d&#8217;administrar les cookies, per obtenir un control m\u00e9s prec\u00eds sobre la privadesa.<\/p>\n<p><b><br \/>\nCONFIGURACI\u00d3 DE L&#8217;USUARI PER EVITAR COOKIES<br \/>\n<\/b><br \/>\nDes de Mudanza\u00a0i en compliment de la normativa legal vigent, posem a la teva disposici\u00f3 la informaci\u00f3 que et permeti configurar el teu navegador\/navegadors d&#8217;Internet per mantenir la teva privadesa i seguretat en relaci\u00f3 a les cookies. Per aix\u00f2, et possibilitem la informaci\u00f3 dels principals navegadors perqu\u00e8 puguis determinar si desitges o no acceptar l&#8217;\u00fas de cookies.<\/p>\n<blockquote><p>Internet Explorer<br \/>\nFirefox<br \/>\nChrome<br \/>\nSafari<br \/>\nOpera<\/p><\/blockquote>\n<p>Finalment per a les cookies anal\u00edtiques i en concret les corresponents a Google Analytics descrites anteriorment existeix un\u00a0<a href=\"https:\/\/chrome.google.com\/webstore\/detail\/google-analytics-opt-out\/fllaojicojecljbmefodhfapmkghcbnh?hl=ca \" target=\"_blank\" rel=\"noopener\">COMPLEMENT D&#8217;INHABILITACI\u00d3 PER A NAVEGADORS DE GOOGLE ANALYTICS<\/a> que podreu instal\u00b7lar el vostre navegador<\/p>\n\t\t\t\t\t\t<\/div>\n\t\t\t\t<\/div>\n\t\t\t\t\t<\/div>\n\t\t<\/div>\n\t\t\t\t\t\t\t<\/div>\n\t\t<\/section>\n\t\t\t\t\t\t\t<\/div>\n\t\t","protected":false},"excerpt":{"rendered":"<p>Transcity Mudanzas S.L.\u00a0(d&#8217;ara endavant, Mudanza) pot utilitzar cookies quan un usuari navega pel mateix. Les galetes s\u00f3n fitxers enviats a un navegador per mitj\u00e0 d&#8217;un servidor web per registrar les activitats de l&#8217;usuari al lloc web. Les galetes utilitzades a Bram s&#8217;associen nom\u00e9s amb un usuari an\u00f2nim i el seu pc, i no proporcionen per [&hellip;]<\/p>\n","protected":false},"author":1,"featured_media":0,"parent":0,"menu_order":0,"comment_status":"closed","ping_status":"closed","template":"elementor_header_footer","meta":{"_mi_skip_tracking":false,"_monsterinsights_sitenote_active":false,"_monsterinsights_sitenote_note":"","_monsterinsights_sitenote_category":0,"footnotes":""},"yoast_head":"<!-- This site is optimized with the Yoast SEO plugin v21.4 - https:\/\/yoast.com\/wordpress\/plugins\/seo\/ -->\n<title>Pol\u00edtica de Cookies - Mudanza<\/title>\n<meta name=\"robots\" content=\"noindex, nofollow\" \/>\n<meta property=\"og:locale\" content=\"ca_ES\" \/>\n<meta property=\"og:type\" content=\"article\" \/>\n<meta property=\"og:title\" content=\"Pol\u00edtica de Cookies - Mudanza\" \/>\n<meta property=\"og:description\" content=\"Transcity Mudanzas S.L.\u00a0(d&#8217;ara endavant, Mudanza) pot utilitzar cookies quan un usuari navega pel mateix. Les galetes s\u00f3n fitxers enviats a un navegador per mitj\u00e0 d&#8217;un servidor web per registrar les activitats de l&#8217;usuari al lloc web. Les galetes utilitzades a Bram s&#8217;associen nom\u00e9s amb un usuari an\u00f2nim i el seu pc, i no proporcionen per [&hellip;]\" \/>\n<meta property=\"og:url\" content=\"https:\/\/mudanza.eu\/ca\/politica-de-cookies\/\" \/>\n<meta property=\"og:site_name\" content=\"Mudanza\" \/>\n<meta property=\"article:modified_time\" content=\"2023-10-02T11:12:33+00:00\" \/>\n<meta name=\"twitter:card\" content=\"summary_large_image\" \/>\n<meta name=\"twitter:label1\" content=\"Temps estimat de lectura\" \/>\n\t<meta name=\"twitter:data1\" content=\"1 minut\" \/>\n<script type=\"application\/ld+json\" class=\"yoast-schema-graph\">{\"@context\":\"https:\/\/schema.org\",\"@graph\":[{\"@type\":\"WebPage\",\"@id\":\"https:\/\/mudanza.eu\/ca\/politica-de-cookies\/\",\"url\":\"https:\/\/mudanza.eu\/ca\/politica-de-cookies\/\",\"name\":\"Pol\u00edtica de Cookies - Mudanza\",\"isPartOf\":{\"@id\":\"https:\/\/mudanza.eu\/ca\/#website\"},\"datePublished\":\"2023-07-18T08:18:19+00:00\",\"dateModified\":\"2023-10-02T11:12:33+00:00\",\"breadcrumb\":{\"@id\":\"https:\/\/mudanza.eu\/ca\/politica-de-cookies\/#breadcrumb\"},\"inLanguage\":\"ca\",\"potentialAction\":[{\"@type\":\"ReadAction\",\"target\":[\"https:\/\/mudanza.eu\/ca\/politica-de-cookies\/\"]}]},{\"@type\":\"BreadcrumbList\",\"@id\":\"https:\/\/mudanza.eu\/ca\/politica-de-cookies\/#breadcrumb\",\"itemListElement\":[{\"@type\":\"ListItem\",\"position\":1,\"name\":\"Portada\",\"item\":\"https:\/\/mudanza.eu\/ca\/\"},{\"@type\":\"ListItem\",\"position\":2,\"name\":\"Pol\u00edtica de Cookies\"}]},{\"@type\":\"WebSite\",\"@id\":\"https:\/\/mudanza.eu\/ca\/#website\",\"url\":\"https:\/\/mudanza.eu\/ca\/\",\"name\":\"Mudanza\",\"description\":\"Empresa de mudanzas premium en Barcelona\",\"potentialAction\":[{\"@type\":\"SearchAction\",\"target\":{\"@type\":\"EntryPoint\",\"urlTemplate\":\"https:\/\/mudanza.eu\/ca\/?s={search_term_string}\"},\"query-input\":\"required name=search_term_string\"}],\"inLanguage\":\"ca\"}]}<\/script>\n<!-- \/ Yoast SEO plugin. -->","yoast_head_json":{"title":"Pol\u00edtica de Cookies - Mudanza","robots":{"index":"noindex","follow":"nofollow"},"og_locale":"ca_ES","og_type":"article","og_title":"Pol\u00edtica de Cookies - Mudanza","og_description":"Transcity Mudanzas S.L.\u00a0(d&#8217;ara endavant, Mudanza) pot utilitzar cookies quan un usuari navega pel mateix. Les galetes s\u00f3n fitxers enviats a un navegador per mitj\u00e0 d&#8217;un servidor web per registrar les activitats de l&#8217;usuari al lloc web. Les galetes utilitzades a Bram s&#8217;associen nom\u00e9s amb un usuari an\u00f2nim i el seu pc, i no proporcionen per [&hellip;]","og_url":"https:\/\/mudanza.eu\/ca\/politica-de-cookies\/","og_site_name":"Mudanza","article_modified_time":"2023-10-02T11:12:33+00:00","twitter_card":"summary_large_image","twitter_misc":{"Temps estimat de lectura":"1 minut"},"schema":{"@context":"https:\/\/schema.org","@graph":[{"@type":"WebPage","@id":"https:\/\/mudanza.eu\/ca\/politica-de-cookies\/","url":"https:\/\/mudanza.eu\/ca\/politica-de-cookies\/","name":"Pol\u00edtica de Cookies - Mudanza","isPartOf":{"@id":"https:\/\/mudanza.eu\/ca\/#website"},"datePublished":"2023-07-18T08:18:19+00:00","dateModified":"2023-10-02T11:12:33+00:00","breadcrumb":{"@id":"https:\/\/mudanza.eu\/ca\/politica-de-cookies\/#breadcrumb"},"inLanguage":"ca","potentialAction":[{"@type":"ReadAction","target":["https:\/\/mudanza.eu\/ca\/politica-de-cookies\/"]}]},{"@type":"BreadcrumbList","@id":"https:\/\/mudanza.eu\/ca\/politica-de-cookies\/#breadcrumb","itemListElement":[{"@type":"ListItem","position":1,"name":"Portada","item":"https:\/\/mudanza.eu\/ca\/"},{"@type":"ListItem","position":2,"name":"Pol\u00edtica de Cookies"}]},{"@type":"WebSite","@id":"https:\/\/mudanza.eu\/ca\/#website","url":"https:\/\/mudanza.eu\/ca\/","name":"Mudanza","description":"Empresa de mudanzas premium en Barcelona","potentialAction":[{"@type":"SearchAction","target":{"@type":"EntryPoint","urlTemplate":"https:\/\/mudanza.eu\/ca\/?s={search_term_string}"},"query-input":"required name=search_term_string"}],"inLanguage":"ca"}]}},"_links":{"self":[{"href":"https:\/\/mudanza.eu\/ca\/wp-json\/wp\/v2\/pages\/1737"}],"collection":[{"href":"https:\/\/mudanza.eu\/ca\/wp-json\/wp\/v2\/pages"}],"about":[{"href":"https:\/\/mudanza.eu\/ca\/wp-json\/wp\/v2\/types\/page"}],"author":[{"embeddable":true,"href":"https:\/\/mudanza.eu\/ca\/wp-json\/wp\/v2\/users\/1"}],"replies":[{"embeddable":true,"href":"https:\/\/mudanza.eu\/ca\/wp-json\/wp\/v2\/comments?post=1737"}],"version-history":[{"count":1,"href":"https:\/\/mudanza.eu\/ca\/wp-json\/wp\/v2\/pages\/1737\/revisions"}],"predecessor-version":[{"id":1738,"href":"https:\/\/mudanza.eu\/ca\/wp-json\/wp\/v2\/pages\/1737\/revisions\/1738"}],"wp:attachment":[{"href":"https:\/\/mudanza.eu\/ca\/wp-json\/wp\/v2\/media?parent=1737"}],"curies":[{"name":"wp","href":"https:\/\/api.w.org\/{rel}","templated":true}]}}